{"id":2719,"date":"2025-04-01T20:05:54","date_gmt":"2025-04-01T20:05:54","guid":{"rendered":"https:\/\/www.yorkis-hundesalon.de\/?page_id=2719"},"modified":"2026-03-31T16:51:48","modified_gmt":"2026-03-31T16:51:48","slug":"treueprogramm","status":"publish","type":"page","link":"https:\/\/www.yorkis-hundesalon.de\/en\/treueprogramm\/","title":{"rendered":"Treueprogramm"},"content":{"rendered":"<div data-elementor-type=\"wp-page\" data-elementor-id=\"2719\" class=\"elementor elementor-2719\" data-elementor-post-type=\"page\">\n\t\t\t\t<div class=\"elementor-element elementor-element-67203703 e-con-full e-flex e-con e-parent\" data-id=\"67203703\" data-element_type=\"container\" data-e-type=\"container\" data-settings=\"{&quot;background_background&quot;:&quot;classic&quot;,&quot;shape_divider_bottom&quot;:&quot;waves&quot;}\">\n\t\t\t\t<div class=\"elementor-shape elementor-shape-bottom\" aria-hidden=\"true\" data-negative=\"false\">\n\t\t\t<svg xmlns=\"http:\/\/www.w3.org\/2000\/svg\" viewbox=\"0 0 1000 100\" preserveaspectratio=\"none\">\n\t<path class=\"elementor-shape-fill\" d=\"M421.9,6.5c22.6-2.5,51.5,0.4,75.5,5.3c23.6,4.9,70.9,23.5,100.5,35.7c75.8,32.2,133.7,44.5,192.6,49.7\tc23.6,2.1,48.7,3.5,103.4-2.5c54.7-6,106.2-25.6,106.2-25.6V0H0v30.3c0,0,72,32.6,158.4,30.5c39.2-0.7,92.8-6.7,134-22.4\tc21.2-8.1,52.2-18.2,79.7-24.2C399.3,7.9,411.6,7.5,421.9,6.5z\"\/>\n<\/svg>\t\t<\/div>\n\t\t\t\t<div class=\"elementor-element elementor-element-246f3348 elementor-widget elementor-widget-heading\" data-id=\"246f3348\" data-element_type=\"widget\" data-e-type=\"widget\" data-widget_type=\"heading.default\">\n\t\t\t\t\t<h1 class=\"elementor-heading-title elementor-size-default\">Yorkis-Member<\/h1>\t\t\t\t<\/div>\n\t\t\t\t<div class=\"elementor-element elementor-element-4f69c7f2 elementor-widget elementor-widget-spacer\" data-id=\"4f69c7f2\" data-element_type=\"widget\" data-e-type=\"widget\" data-widget_type=\"spacer.default\">\n\t\t\t\t\t\t\t<div class=\"elementor-spacer\">\n\t\t\t<div class=\"elementor-spacer-inner\"><\/div>\n\t\t<\/div>\n\t\t\t\t\t\t<\/div>\n\t\t\t\t<\/div>\n\t\t<div class=\"elementor-element elementor-element-34b689f4 e-flex e-con-boxed e-con e-parent\" data-id=\"34b689f4\" data-element_type=\"container\" data-e-type=\"container\">\n\t\t\t\t\t<div class=\"e-con-inner\">\n\t\t<div class=\"elementor-element elementor-element-208b96d4 e-con-full e-flex e-con e-child\" data-id=\"208b96d4\" data-element_type=\"container\" data-e-type=\"container\">\n\t\t<div class=\"elementor-element elementor-element-1cd55662 e-con-full e-flex e-con e-child\" data-id=\"1cd55662\" data-element_type=\"container\" data-e-type=\"container\">\n\t\t\t\t<div class=\"elementor-element elementor-element-42c7858f elementor-widget elementor-widget-heading\" data-id=\"42c7858f\" data-element_type=\"widget\" data-e-type=\"widget\" data-widget_type=\"heading.default\">\n\t\t\t\t\t<h2 class=\"elementor-heading-title elementor-size-default\">Unser Treueprogramm<\/h2>\t\t\t\t<\/div>\n\t\t\t\t<\/div>\n\t\t\t\t<\/div>\n\t\t\t\t\t<\/div>\n\t\t\t\t<\/div>\n\t\t<div class=\"elementor-element elementor-element-1bc19855 e-flex e-con-boxed e-con e-parent\" data-id=\"1bc19855\" data-element_type=\"container\" data-e-type=\"container\" data-settings=\"{&quot;background_background&quot;:&quot;classic&quot;}\">\n\t\t\t\t\t<div class=\"e-con-inner\">\n\t\t<div class=\"elementor-element elementor-element-62d52d26 e-con-full e-flex e-con e-child\" data-id=\"62d52d26\" data-element_type=\"container\" data-e-type=\"container\">\n\t\t<div class=\"elementor-element elementor-element-18373ce0 e-con-full e-flex e-con e-child\" data-id=\"18373ce0\" data-element_type=\"container\" data-e-type=\"container\" data-settings=\"{&quot;background_background&quot;:&quot;classic&quot;}\">\n\t\t\t\t<div class=\"elementor-element elementor-element-45229182 elementor-widget elementor-widget-heading\" data-id=\"45229182\" data-element_type=\"widget\" data-e-type=\"widget\" data-widget_type=\"heading.default\">\n\t\t\t\t\t<h4 class=\"elementor-heading-title elementor-size-default\">Belohnungen f\u00fcr Sie und Ihren vierbeinigen Freund!<\/h4>\t\t\t\t<\/div>\n\t\t\t\t<div class=\"elementor-element elementor-element-1357b6a3 elementor-widget elementor-widget-text-editor\" data-id=\"1357b6a3\" data-element_type=\"widget\" data-e-type=\"widget\" data-widget_type=\"text-editor.default\">\n\t\t\t\t\t\t\t\t\t<p>Werden Sie Teil unseres exklusiven Treueprogramms und genie\u00dfen Sie fantastische Vorteile bei jedem Besuch. Jeder Termin wird zu einem besonderen Erlebnis f\u00fcr Sie und Ihr geliebtes Haustier!<\/p>\t\t\t\t\t\t\t\t<\/div>\n\t\t\t\t<div class=\"elementor-element elementor-element-32499ba8 elementor-widget elementor-widget-spacer\" data-id=\"32499ba8\" data-element_type=\"widget\" data-e-type=\"widget\" data-widget_type=\"spacer.default\">\n\t\t\t\t\t\t\t<div class=\"elementor-spacer\">\n\t\t\t<div class=\"elementor-spacer-inner\"><\/div>\n\t\t<\/div>\n\t\t\t\t\t\t<\/div>\n\t\t\t\t<div class=\"elementor-element elementor-element-5942a250 e-transform elementor-widget elementor-widget-image\" data-id=\"5942a250\" data-element_type=\"widget\" data-e-type=\"widget\" data-settings=\"{&quot;_transform_scale_effect_hover&quot;:{&quot;unit&quot;:&quot;px&quot;,&quot;size&quot;:1.05,&quot;sizes&quot;:[]},&quot;motion_fx_motion_fx_scrolling&quot;:&quot;yes&quot;,&quot;motion_fx_rotateZ_effect&quot;:&quot;yes&quot;,&quot;motion_fx_rotateZ_speed&quot;:{&quot;unit&quot;:&quot;px&quot;,&quot;size&quot;:0.29999999999999999,&quot;sizes&quot;:[]},&quot;motion_fx_rotateZ_affectedRange&quot;:{&quot;unit&quot;:&quot;%&quot;,&quot;size&quot;:&quot;&quot;,&quot;sizes&quot;:{&quot;start&quot;:0,&quot;end&quot;:100}},&quot;motion_fx_devices&quot;:[&quot;desktop&quot;,&quot;tablet&quot;,&quot;mobile&quot;],&quot;_transform_scale_effect_hover_tablet&quot;:{&quot;unit&quot;:&quot;px&quot;,&quot;size&quot;:&quot;&quot;,&quot;sizes&quot;:[]},&quot;_transform_scale_effect_hover_mobile&quot;:{&quot;unit&quot;:&quot;px&quot;,&quot;size&quot;:&quot;&quot;,&quot;sizes&quot;:[]}}\" data-widget_type=\"image.default\">\n\t\t\t\t\t\t\t\t\t\t\t\t\t\t\t<img fetchpriority=\"high\" decoding=\"async\" width=\"659\" height=\"484\" src=\"https:\/\/www.yorkis-hundesalon.de\/wp-content\/uploads\/2025\/04\/Gruppe-132941.png\" class=\"attachment-large size-large wp-image-2629\" alt=\"\" srcset=\"https:\/\/www.yorkis-hundesalon.de\/wp-content\/uploads\/2025\/04\/Gruppe-132941.png 659w, https:\/\/www.yorkis-hundesalon.de\/wp-content\/uploads\/2025\/04\/Gruppe-132941-300x220.png 300w\" sizes=\"(max-width: 659px) 100vw, 659px\" \/>\t\t\t\t\t\t\t\t\t\t\t\t\t\t\t<\/div>\n\t\t\t\t<\/div>\n\t\t<div class=\"elementor-element elementor-element-1e269941 e-con-full e-flex e-con e-child\" data-id=\"1e269941\" data-element_type=\"container\" data-e-type=\"container\" data-settings=\"{&quot;background_background&quot;:&quot;classic&quot;}\">\n\t\t<div class=\"elementor-element elementor-element-3545cbe2 e-con-full e-flex e-con e-child\" data-id=\"3545cbe2\" data-element_type=\"container\" data-e-type=\"container\">\n\t\t\t\t<div class=\"elementor-element elementor-element-29535496 elementor-widget elementor-widget-heading\" data-id=\"29535496\" data-element_type=\"widget\" data-e-type=\"widget\" data-widget_type=\"heading.default\">\n\t\t\t\t\t<h4 class=\"elementor-heading-title elementor-size-default\">Vorteile f\u00fcr Mitglieder:<\/h4>\t\t\t\t<\/div>\n\t\t\t\t<div class=\"elementor-element elementor-element-2b1810e6 elementor-widget elementor-widget-text-editor\" data-id=\"2b1810e6\" data-element_type=\"widget\" data-e-type=\"widget\" data-widget_type=\"text-editor.default\">\n\t\t\t\t\t\t\t\t\t<p><b>Bitte beachten Sie:<\/b><b><br \/><\/b><span style=\"font-weight: 400;\"> Die <\/span><b>Vorteile<\/b><span style=\"font-weight: 400;\"> unseres Treueprogramms k\u00f6nnen sich <\/span><b>saisonbedingt \u00e4ndern<\/b><span style=\"font-weight: 400;\">, sodass Sie sich immer auf neue, spannende Extras freuen k\u00f6nnen!<\/span><\/p><p><b>So funktioniert&#8217;s:<\/b><\/p><ul><li style=\"font-weight: 400;\" aria-level=\"1\"><b>Anmelden:<\/b><span style=\"font-weight: 400;\"> Melden Sie sich bei Ihrem n\u00e4chsten Besuch im Friseursalon kostenlos an oder bequem online.<\/span><\/li><li style=\"font-weight: 400;\" aria-level=\"1\"><b>Besuche sammeln:<\/b><span style=\"font-weight: 400;\"> Genie\u00dfen Sie unsere professionellen Pflegeleistungen und lassen Sie jeden Besuch z\u00e4hlen.<\/span><\/li><li style=\"font-weight: 400;\" aria-level=\"1\"><b>Belohnungen erhalten:<\/b><span style=\"font-weight: 400;\"> Freuen Sie sich auf exklusive Geschenke und Rabatte!<\/span><\/li><\/ul><p><b><br \/>Adresse:<\/b><b><br \/><\/b>Hagelbergerstr. 16, 10965 Berlin<\/p><p><span style=\"font-weight: 400;\">Buchen Sie noch heute Ihren Termin und werden Sie Teil unseres Treueprogramms!<\/span><\/p>\t\t\t\t\t\t\t\t<\/div>\n\t\t\t\t<\/div>\n\t\t\t\t<\/div>\n\t\t\t\t<\/div>\n\t\t\t\t\t<\/div>\n\t\t\t\t<\/div>\n\t\t\t\t<\/div>","protected":false},"excerpt":{"rendered":"<p>Yorkis-Member Unser Treueprogramm Belohnungen f\u00fcr Sie und Ihren vierbeinigen Freund! Werden Sie Teil unseres exklusiven Treueprogramms und genie\u00dfen Sie fantastische Vorteile bei jedem Besuch. Jeder Termin wird zu einem besonderen Erlebnis f\u00fcr Sie und Ihr geliebtes Haustier! Vorteile f\u00fcr Mitglieder: Bitte beachten Sie: Die Vorteile unseres Treueprogramms k\u00f6nnen sich saisonbedingt \u00e4ndern, sodass Sie sich immer [&hellip;]<\/p>","protected":false},"author":2,"featured_media":0,"parent":0,"menu_order":0,"comment_status":"closed","ping_status":"closed","template":"","meta":{"_acf_changed":false,"footnotes":""},"class_list":["post-2719","page","type-page","status-publish","hentry"],"acf":[],"_links":{"self":[{"href":"https:\/\/www.yorkis-hundesalon.de\/en\/wp-json\/wp\/v2\/pages\/2719","targetHints":{"allow":["GET"]}}],"collection":[{"href":"https:\/\/www.yorkis-hundesalon.de\/en\/wp-json\/wp\/v2\/pages"}],"about":[{"href":"https:\/\/www.yorkis-hundesalon.de\/en\/wp-json\/wp\/v2\/types\/page"}],"author":[{"embeddable":true,"href":"https:\/\/www.yorkis-hundesalon.de\/en\/wp-json\/wp\/v2\/users\/2"}],"replies":[{"embeddable":true,"href":"https:\/\/www.yorkis-hundesalon.de\/en\/wp-json\/wp\/v2\/comments?post=2719"}],"version-history":[{"count":0,"href":"https:\/\/www.yorkis-hundesalon.de\/en\/wp-json\/wp\/v2\/pages\/2719\/revisions"}],"wp:attachment":[{"href":"https:\/\/www.yorkis-hundesalon.de\/en\/wp-json\/wp\/v2\/media?parent=2719"}],"curies":[{"name":"wp","href":"https:\/\/api.w.org\/{rel}","templated":true}]}}